{"id":38,"date":"2019-06-26T10:09:46","date_gmt":"2019-06-26T10:09:46","guid":{"rendered":"http:\/\/emerga.cz\/?page_id=38"},"modified":"2021-03-10T14:57:39","modified_gmt":"2021-03-10T14:57:39","slug":"muj-ucet","status":"publish","type":"page","link":"http:\/\/emerga.cz\/?page_id=38","title":{"rendered":"M\u016fj \u00fa\u010det"},"content":{"rendered":"<p>[woocommerce_my_account]<\/p>\n","protected":false},"excerpt":{"rendered":"","protected":false},"author":1,"featured_media":0,"parent":71,"menu_order":0,"comment_status":"closed","ping_status":"closed","template":"","meta":[],"_links":{"self":[{"href":"http:\/\/emerga.cz\/index.php?rest_route=\/wp\/v2\/pages\/38"}],"collection":[{"href":"http:\/\/emerga.cz\/index.php?rest_route=\/wp\/v2\/pages"}],"about":[{"href":"http:\/\/emerga.cz\/index.php?rest_route=\/wp\/v2\/types\/page"}],"author":[{"embeddable":true,"href":"http:\/\/emerga.cz\/index.php?rest_route=\/wp\/v2\/users\/1"}],"replies":[{"embeddable":true,"href":"http:\/\/emerga.cz\/index.php?rest_route=%2Fwp%2Fv2%2Fcomments&post=38"}],"version-history":[{"count":2,"href":"http:\/\/emerga.cz\/index.php?rest_route=\/wp\/v2\/pages\/38\/revisions"}],"predecessor-version":[{"id":80,"href":"http:\/\/emerga.cz\/index.php?rest_route=\/wp\/v2\/pages\/38\/revisions\/80"}],"up":[{"embeddable":true,"href":"http:\/\/emerga.cz\/index.php?rest_route=\/wp\/v2\/pages\/71"}],"wp:attachment":[{"href":"http:\/\/emerga.cz\/index.php?rest_route=%2Fwp%2Fv2%2Fmedia&parent=38"}],"curies":[{"name":"wp","href":"https:\/\/api.w.org\/{rel}","templated":true}]}}